{"id":27,"date":"2013-03-18T19:16:34","date_gmt":"2013-03-18T18:16:34","guid":{"rendered":"http:\/\/katajanmarja.de\/?page_id=27"},"modified":"2014-04-08T19:27:57","modified_gmt":"2014-04-08T17:27:57","slug":"referenzen-ubersetzung","status":"publish","type":"page","link":"https:\/\/www.katajanmarja.de\/?page_id=27","title":{"rendered":"Translations"},"content":{"rendered":"<h1>Translations<\/h1>\n<h2>Animals<\/h2>\n<p><strong>Kissael\u00e4imet<\/strong> (Raubkatzen)<br \/>\nNaumann &amp; G\u00f6bel Verlag,\u00a0Cologne 2009<br \/>\nISBN 978-3-625-12092-6<br \/>\nTranslation from German into Finnish and production<\/p>\n<p><strong>1000 el\u00e4inlasta<\/strong> (1000 Tierkinder)<br \/>\nNaumann &amp; G\u00f6bel Verlag, Cologne 2010<br \/>\nISBN 978-3-625-12418-4<br \/>\nTranslation from German into Finnish and production<\/p>\n<p><strong>Siat<\/strong> (Schweine)<br \/>\nKomet Verlag, Cologne 2010<br \/>\nISBN 978-3-86941-047-0<br \/>\nTranslation from German into Finnish<\/p>\n<p><strong>Petolinnut ja p\u00f6ll\u00f6linnut<\/strong> (Greifv\u00f6gel &amp; Eulen)<br \/>\nNaumann &amp; G\u00f6bel Verlag, Cologne 2011<br \/>\nISBN 978-3-625-12698-0<br \/>\nTranslation from German into Finnish and production<\/p>\n<h2>Architecture<\/h2>\n<p><strong>Contemporary Houses<\/strong> (Contemporary Houses)<br \/>\nK\u00f6nemann im Tandem Verlag, K\u00f6nigswinter 2006<br \/>\nISBN-10: 3-8331-2496-2<br \/>\nISBN-13: 978-3-8331-2496-9<br \/>\nTranslation from Spanish into Finnish (employer: Lund Verlag, Cologne)<\/p>\n<h2>Atlases<\/h2>\n<p><strong>Lasten suuri el\u00e4inkartasto<\/strong> (Der gro\u00dfe XENOS-Tieratlas f\u00fcr Kinder)<br \/>\nXENOS Verlag, Hamburg 2005<br \/>\nISBN (none mentioned)<br \/>\nTranslation from German into Finnish (employer: Durante &amp; Zoratti, Cologne)<\/p>\n<p><strong>Lasten suuri Euroopan kartasto<\/strong> (Der gro\u00dfe XENOS-Europaatlas f\u00fcr Kinder)<br \/>\nXENOS Verlag, Hamburg 2005<br \/>\nISBN (none mentioned)<br \/>\nTranslation from German into Finnish (employer: Durante &amp; Zoratti, Cologne)<\/p>\n<p><strong>Lasten suuri maailman kartasto<\/strong> (Der gro\u00dfe XENOS-Weltatlas f\u00fcr Kinder)<br \/>\nXENOS Verlag, Hamburg 2005<br \/>\nISBN (none mentioned)<br \/>\nTranslation from German into Finnish (employer: Durante &amp; Zoratti, Cologne)<\/p>\n<p><strong>Geographica. Suuri maailmankartasto<\/strong> (Geographica. The Complete Illustrated Atlas of the World)<br \/>\nK\u00f6nemann im Tandem Verlag, K\u00f6nigswinter 2008<br \/>\nISBN 978-3-8973-1916-xxx<br \/>\nTranslation and proofreading of updates from English into Finnish<\/p>\n<h2>Calendars<\/h2>\n<p><strong>Valokuvakalenteri Afrikka 2012<\/strong> (Fotokalender Afrika 2012)<br \/>\nNaumann &amp; G\u00f6bel Verlag,\u00a0Cologne 2011<br \/>\nISBN 978-3-625-13391-9<br \/>\nTranslation from German into Finnish<\/p>\n<p><strong>Valokuvakalenteri New York 2012<\/strong> (Fotokalender New York 2012)<br \/>\nNaumann &amp; G\u00f6bel Verlag,\u00a0Cologne 2011<br \/>\nISBN 978-3-625-13392-6<br \/>\nTranslation from German into Finnish<\/p>\n<p><strong>Valokuvakalenteri Kissat 2012<\/strong> (Fotokalender Katzen 2012)<br \/>\nNaumann &amp; G\u00f6bel Verlag,\u00a0Cologne 2011<br \/>\nISBN 978-3-625-13393-3<br \/>\nTranslation from German into Finnish<\/p>\n<p><strong>Valokuvakalenteri Planeettamme 2012<\/strong> (Fotokalender Erde 2012)<br \/>\nNaumann &amp; G\u00f6bel Verlag,\u00a0Cologne 2011<br \/>\nISBN 978-3-625-13394-0<br \/>\nTranslation from German into Finnish<\/p>\n<p><strong>Valokuvakalenteri Unelmakohteet 2012<\/strong> (Fotokalender Traumziele 2012)<br \/>\nNaumann &amp; G\u00f6bel Verlag,\u00a0Cologne 2011<br \/>\nISBN 978-3-625-13395-7<br \/>\nTranslation from German into Finnish<\/p>\n<p><strong>Valokuvakalenteri Jalkapallon EM-kisat 2012<\/strong> (Fotokalender Fu\u00dfball EM 2012)<br \/>\nNaumann &amp; G\u00f6bel Verlag,\u00a0Cologne 2011<br \/>\nISBN 978-3-625-13396-4<br \/>\nTranslation from German into Finnish<\/p>\n<h2>Children&#8217;s knowledge<\/h2>\n<p><strong>101 kysymyst\u00e4 ja vastausta lapsille \u2013 Maa ja avaruus<\/strong> (101 Fragen &amp; Antworten f\u00fcr Kinder \u2013 Erde und Weltraum)<br \/>\nSchwager &amp; Steinlein Verlag,\u00a0Cologne 2008<br \/>\nISBN 978-3-86775-232-9<br \/>\nTranslation from German into Finnish and checking of typesetting<\/p>\n<p><strong>Tieto Nerokas \u2013 Dinosaurukset<\/strong> (Wissen genial \u2013 Dinosaurier)<br \/>\nSchwager &amp; Steinlein Verlag,\u00a0Cologne 2011<br \/>\nISBN 978-3-86233-194-9<br \/>\nTranslation from German into Finnish (co-translation with Aija Soininen, pp. 1-25) and checking of typesetting<\/p>\n<p><strong>Tieto Nerokas \u2013 Hevoset<\/strong> (Wissen genial \u2013 Pferde)<br \/>\nSchwager &amp; Steinlein Verlag,\u00a0Cologne 2011<br \/>\nISBN 978-3-86233-197-0<br \/>\nTranslation from German into Finnish<\/p>\n<h2>Colouring and activities books<\/h2>\n<p><strong>Sateenkaariv\u00e4rityskirja \u2013 Taikahaltijatar<\/strong> (Regenbogenmalbuch \u2013 Zauberfee)<br \/>\nSchwager &amp; Steinlein Verlag,\u00a0Cologne 2008<br \/>\nISBN 978-3-86775-344-9<br \/>\nTranslation of cover text from German into Finnish and checking of typesetting<\/p>\n<p><strong>Sateenkaariv\u00e4rityskirja \u2013 El\u00e4inlapset<\/strong> (Regenbogenmalbuch \u2013 Tierbabys)<br \/>\nSchwager &amp; Steinlein Verlag,\u00a0Cologne 2008<br \/>\nISBN 978-3-86775-347-0<br \/>\nTranslation of cover text from German into Finnish and checking of typesetting<\/p>\n<p><strong>V\u00e4rityskirja \u2013 El\u00e4imet<\/strong> (Lernmalbuch \u2013 Tiere)<br \/>\nSchwager &amp; Steinlein Verlag,\u00a0Cologne 2008<br \/>\nISBN 978-3-86775-203-9<br \/>\nTranslation from German into Finnish and checking of typesetting<\/p>\n<p><strong>V\u00e4rityskirja \u2013 Dinosaurukset<\/strong> (Lernmalbuch \u2013 Dinosaurier)<br \/>\nSchwager &amp; Steinlein Verlag,\u00a0Cologne 2008<br \/>\nISBN 978-3-86775-200-8<br \/>\nTranslation from German into Finnish and checking of typesetting<\/p>\n<p><strong>V\u00e4rityskirja \u2013 Maatila<\/strong> (Lernmalbuch \u2013 Bauernhof)<br \/>\nSchwager &amp; Steinlein Verlag,\u00a0Cologne 2008<br \/>\nISBN 978-3-86775-201-5<br \/>\nTranslation from German into Finnish and checking of typesetting<\/p>\n<p><strong>V\u00e4rityskirja \u2013 Lentokoneet<\/strong> (Lernmalbuch \u2013 Flugzeuge)<br \/>\nSchwager &amp; Steinlein Verlag,\u00a0Cologne 2008<br \/>\nISBN 978-3-86775-204-6<br \/>\nTranslation from German into Finnish and checking of typesetting<\/p>\n<p><strong>V\u00e4rityskirja \u2013 Liikenne<\/strong> (Lernmalbuch \u2013 Verkehr)<br \/>\nSchwager &amp; Steinlein Verlag,\u00a0Cologne 2008<br \/>\nISBN 978-3-86775-202-2<br \/>\nTranslation from German into Finnish and checking of typesetting<\/p>\n<p><strong>V\u00e4ritys- ja askartelulehti\u00f6 Joulu<\/strong> (Mal- und Bastelblock Weihnachten)<br \/>\nSchwager &amp; Steinlein Verlag,\u00a0Cologne 2011<br \/>\nISBN 978-3-86775-881-9<br \/>\nTranslation from German into Finnish<\/p>\n<p><strong>V\u00e4ritys- ja askartelulehti\u00f6 Joulu<\/strong> (Mal- und Bastelblock Weihnachten)<br \/>\nSchwager &amp; Steinlein Verlag,\u00a0Cologne 2011<br \/>\nISBN 978-3-86775-882-6<br \/>\nTranslation from German into Finnish<\/p>\n<h2>Cookbooks<\/h2>\n<p><strong>Cocktaileja asiantuntijoille ja nautiskelijoille<\/strong> (Rezeptbox Cocktails)<br \/>\nNaumann &amp; G\u00f6bel Verlag,\u00a0Cologne 2008<br \/>\nISBN 978-3-625-11369-0<br \/>\nTranslation from German into Finnish and checking of typesetting<\/p>\n<p><strong>Wokki asiantuntijoille ja nautiskelijoille<\/strong> (Rezeptbox Wok)<br \/>\nNaumann &amp; G\u00f6bel Verlag,\u00a0Cologne 2008<br \/>\nISBN 978-3-625-11372-0<br \/>\nTranslation from German into Finnish and checking of typesetting<\/p>\n<p><strong>Salaatteja<\/strong> (Salate)<br \/>\nNaumann &amp; G\u00f6bel Verlag,\u00a0Cologne 2008<br \/>\nISBN 978-3-625-11804-6<br \/>\nTranslation from German into Finnish and checking of typesetting<\/p>\n<p><strong>Wokki \u2013 Liharuoat<\/strong> (Kochen mit dem Wok \u2013 Fleisch)<br \/>\nNaumann &amp; G\u00f6bel Verlag,\u00a0Cologne 2008<br \/>\nISBN 978-3-625-12014-8<br \/>\nTranslation from German into Finnish and checking of typesetting<\/p>\n<p><strong>1000 cocktailia<\/strong> (1000 Cocktails)<br \/>\nNaumann &amp; G\u00f6bel Verlag,\u00a0Cologne 2009<br \/>\nISBN 978-3-62512-122-0<br \/>\nTranslation from German into Finnish<\/p>\n<p><strong>Kanaruokia<\/strong> (H\u00fchnchen)<br \/>\nNaumann und G\u00f6bel Verlag,\u00a0Cologne 2009<br \/>\nISBN 978-3-625-12218-0<br \/>\nTranslation from German into Finnish<\/p>\n<p><strong>Parhaat reseptit \u2013 Vietnam<\/strong> (Die besten Rezepte aus Vietnam)<br \/>\nNaumann &amp; G\u00f6bel Verlag,\u00a0Cologne 2009<br \/>\nISBN 978-3-625-12154-1<br \/>\nTranslation from German into Finnish and production<\/p>\n<p><strong>Kleine Dekorationen zum Selbermachen<\/strong> (Sy\u00f6t\u00e4v\u00e4n koristeellista kasviksista veitsell\u00e4 leikaten)<br \/>\nBassermann, M\u00fcnchen 2011<br \/>\nISBN 978-3-572-08032-8<br \/>\nTranslation from Finnish into German (employer: Bokirja, Cologne)<\/p>\n<h2>(Educational) games<\/h2>\n<p><strong>Opettavainen muistipeli \u2013 Liput<\/strong> (Memo Set \u2013 Flaggen)<br \/>\nSchwager &amp; Steinlein Verlag,\u00a0Cologne 2008<br \/>\nISBN 978-3-86775-316-6<br \/>\nTranslation from German into Finnish and checking of typesetting<\/p>\n<p><strong>Opettavainen muistipeli \u2013 Dinosaurukset<\/strong> (Memo Set \u2013 Dinosaurier)<br \/>\nSchwager &amp; Steinlein Verlag,\u00a0Cologne 2008<br \/>\nISBN 978-3-86775-317-3<br \/>\nTranslation from German into Finnish and checking of typesetting<\/p>\n<p><strong>Opettavainen muistipeli \u2013 Englanti<\/strong> (Memo Set \u2013 Englisch)<br \/>\nSchwager &amp; Steinlein Verlag,\u00a0Cologne 2008<br \/>\nISBN 978-3-86775-318-0<br \/>\nTranslation from German into Finnish and checking of typesetting<\/p>\n<p><strong>Opettavainen muistipeli \u2013 Maatilalla<\/strong> (Memo Set \u2013 Bauernhof)<br \/>\nSchwager &amp; Steinlein Verlag,\u00a0Cologne 2008<br \/>\nISBN 978-3-86775-319-7<br \/>\nTranslation from German into Finnish and checking of typesetting<\/p>\n<p><strong>Ensimm\u00e4inen muistipelini \u2013 Englanti<\/strong> (Mein erstes Memo \u2013 Englisch)<br \/>\nSchwager &amp; Steinlein Verlag,\u00a0Cologne 2009<br \/>\nISBN 978-3-86775-499-6<br \/>\nTranslation from German into Finnish and checking of typesetting<\/p>\n<p><strong>Ensimm\u00e4inen muistipelini \u2013 Ranska<\/strong> (Mein erstes Memo \u2013 Franz\u00f6sisch)<br \/>\nSchwager &amp; Steinlein Verlag,\u00a0Cologne 2009<br \/>\nISBN 978-3-86775-500-9<br \/>\nTranslation from German into Finnish and checking of typesetting<\/p>\n<p><strong>Ensimm\u00e4inen muistipelini \u2013 Espanja<\/strong> (Mein erstes Memo \u2013 Spanisch)<br \/>\nSchwager &amp; Steinlein Verlag,\u00a0Cologne 2009<br \/>\nISBN 978-3-86775-501-6<br \/>\nTranslation from German into Finnish and checking of typesetting<\/p>\n<p><b>Korttipelit<\/b> (A Guide to Card Games)<br \/>\nParragon Books Ltd\/Gummerus Kustannus Oy, Helsinki 2013<br \/>\nISBN 978-951-20-9440-0<br \/>\nTranslation from English into Finnish<\/p>\n<h2>Gift books<\/h2>\n<p><strong>Penis-kirja<\/strong> (Penis Book)<br \/>\nK\u00f6nemann im Tandem Verlag, K\u00f6nigswinter 2005<br \/>\nISBN 3-8331-1874-1<br \/>\nTranslation and proofreading of updates from English into Finnish (pp. 12\u201313, 21\u201323, 26\u201327, 33, 53, 64\u201365, 74\u201375, 83, 104\u2013105, 107)<\/p>\n<p><strong>Flirttivinkkej\u00e4 purkista miehille<\/strong> (Flirttipps aus der Dose f\u00fcr M\u00e4nner)<br \/>\nKomet Verlag,\u00a0Cologne 2011<br \/>\nISBN 978-3-89836-978-7<br \/>\nTranslation from German into Finnish and production<\/p>\n<p><strong>Flirttivinkkej\u00e4 purkista naisille<\/strong> (Flirttipps aus der Dose f\u00fcr Frauen)<br \/>\nKomet Verlag,\u00a0Cologne 2011<br \/>\nISBN 978-3-89836-977-0<br \/>\nTranslation from German into Finnish and production<\/p>\n<h2>History<\/h2>\n<p><strong>Egypti. Faraoiden maa<\/strong> (\u00c4gypten. Die Welt der Pharaonen)<br \/>\nK\u00f6nemann im Tandem Verlag, K\u00f6nigswinter 2004<br \/>\nISBN 3-8331-1037-6<br \/>\nTranslation and typesetting of updates from German for the Finnish edition<\/p>\n<p><strong>Historian suurnaiset<\/strong> (Frauen, die Geschichte machten)<br \/>\nAjatus kirjat, Helsinki 2005<br \/>\nISBN 951-20-6762-5<br \/>\nTranslation from German into Finnish (co-translation with Tuulikki Virta, pp. 11\u201318, 119\u2013132, 169\u2013284, 297\u2013306)<\/p>\n<p><strong>Politix \u2013 Asterix und Politik<\/strong> (Politiikkaa Asterixin maailmassa)<br \/>\nSAXA Verlag,\u00a0Cologne 2007<br \/>\nISBN 978-3-939060-6<br \/>\nTranslation from Finnish into German<\/p>\n<h2>Language course<\/h2>\n<p><strong>Espanja \u2013 Intensiivikielikurssi CD:ll\u00e4<\/strong> (Spanisch \u2013 Intensivsprachkurs mit CD)<br \/>\nNaumann &amp; G\u00f6bel Verlag,\u00a0Cologne 2010<br \/>\nISBN 978-3-632-98848-9<br \/>\nTranslation from German into Finnish and production<\/p>\n<p><strong>Ranska \u2013 Intensiivikielikurssi CD:ll\u00e4<\/strong> (Franz\u00f6sisch \u2013 Intensivsprachkurs mit CD)<br \/>\nNaumann &amp; G\u00f6bel Verlag,\u00a0Cologne 2010<br \/>\nISBN 978-3-632-98849-6<br \/>\nISBN 978-3-632-98849-6<br \/>\nTranslation from German into Finnish and production<\/p>\n<h2>Lifestyle<\/h2>\n<p><strong>Behaglich wohnen in allen Jahreszeiten<\/strong> (Kodin nelj\u00e4 vuodenaikaa)<br \/>\nVerlag Busse Seewald, Herford 2007<br \/>\nISBN 978-3-512-03305<br \/>\nTranslation from Finnish into German (employer: Lund Verlag, K\u00f6ln)<\/p>\n<h2>Pedagogy<\/h2>\n<p><strong>Ich teile mich mit<\/strong> (What\u2019s that?)<br \/>\nBildungsverlag EINS, Troisdorf 2007<br \/>\nISBN 978-3-427-50351-4<br \/>\nTranslation from English into German (employer: Lund Verlag, Cologne)<\/p>\n<p><strong>Spiele f\u00fcr drau\u00dfen<\/strong> (The Little Book of Playground Games)<br \/>\nBildungsverlag EINS, Troisdorf 2008<br \/>\nISBN 978-3-427-50382-8<br \/>\nTranslation from English into German (employer: Verlag, Cologne)<\/p>\n<h2>Travel books<\/h2>\n<p><strong>Lissabon, Spirallo-Reisef\u00fchrer<\/strong> (Lisbon)<br \/>\nMairDumont, Ostfildern 2009<br \/>\nISBN-10: 3-8297-3260-0<br \/>\nISBN-13: 978-3-8297-3260-4<br \/>\nTranslation from English into German (co-translation with Maria Meinel, pp. 95-206,\u00a0employer: Schneider \u2013 Lektorat &amp; Herstellung, Cologne)<\/p>\n<p>&nbsp;<\/p>\n","protected":false},"excerpt":{"rendered":"<p>Translations Animals Kissael\u00e4imet (Raubkatzen) Naumann &amp; G\u00f6bel Verlag,\u00a0Cologne 2009 ISBN 978-3-625-12092-6 Translation from German into Finnish and production 1000 el\u00e4inlasta (1000 Tierkinder) Naumann &amp; G\u00f6bel Verlag, Cologne 2010 ISBN 978-3-625-12418-4 Translation from German into Finnish and production Siat (Schweine) Komet Verlag, Cologne 2010 ISBN 978-3-86941-047-0 Translation from German into Finnish Petolinnut ja p\u00f6ll\u00f6linnut (Greifv\u00f6gel &amp; [&hellip;]<\/p>\n","protected":false},"author":1,"featured_media":0,"parent":45,"menu_order":0,"comment_status":"closed","ping_status":"closed","template":"","meta":{"footnotes":""},"class_list":["post-27","page","type-page","status-publish","hentry"],"_links":{"self":[{"href":"https:\/\/www.katajanmarja.de\/index.php?rest_route=\/wp\/v2\/pages\/27","targetHints":{"allow":["GET"]}}],"collection":[{"href":"https:\/\/www.katajanmarja.de\/index.php?rest_route=\/wp\/v2\/pages"}],"about":[{"href":"https:\/\/www.katajanmarja.de\/index.php?rest_route=\/wp\/v2\/types\/page"}],"author":[{"embeddable":true,"href":"https:\/\/www.katajanmarja.de\/index.php?rest_route=\/wp\/v2\/users\/1"}],"replies":[{"embeddable":true,"href":"https:\/\/www.katajanmarja.de\/index.php?rest_route=%2Fwp%2Fv2%2Fcomments&post=27"}],"version-history":[{"count":20,"href":"https:\/\/www.katajanmarja.de\/index.php?rest_route=\/wp\/v2\/pages\/27\/revisions"}],"predecessor-version":[{"id":162,"href":"https:\/\/www.katajanmarja.de\/index.php?rest_route=\/wp\/v2\/pages\/27\/revisions\/162"}],"up":[{"embeddable":true,"href":"https:\/\/www.katajanmarja.de\/index.php?rest_route=\/wp\/v2\/pages\/45"}],"wp:attachment":[{"href":"https:\/\/www.katajanmarja.de\/index.php?rest_route=%2Fwp%2Fv2%2Fmedia&parent=27"}],"curies":[{"name":"wp","href":"https:\/\/api.w.org\/{rel}","templated":true}]}}