{"id":8,"date":"2013-02-16T18:27:12","date_gmt":"2013-02-16T17:27:12","guid":{"rendered":"http:\/\/katajanmarja.de\/?page_id=8"},"modified":"2019-10-28T13:02:24","modified_gmt":"2019-10-28T12:02:24","slug":"impressum-haftungsausschluss","status":"publish","type":"page","link":"https:\/\/www.katajanmarja.de\/?page_id=8","title":{"rendered":"Imprint"},"content":{"rendered":"<h2>Impressum<\/h2>\n<p>Angaben gem\u00e4\u00df \u00a7 5 TMG:<\/p>\n<p>Katja Z\u00f6llner<br \/>\nAm See 1<br \/>\n24363 Holtsee<\/p>\n<p>Kontakt:<br \/>\nTelefon: 04357 &#8211; 764 91 67<br \/>\nE-Mail: katja.zoellner(at)katajanmarja.de<\/p>\n<p>Umsatzsteuer-ID: DE268256460<\/p>\n<h2>Haftungsausschluss \/ Disclaimer<\/h2>\n<p>Mit dem Aufrufen und Nutzen dieser Website gelten die nachfolgenden Nutzungsbedingungen:<\/p>\n<p>1. Die Inhalte unserer Seiten wurden sorgf\u00e4ltig erstellt. F\u00fcr die Aktualit\u00e4t, Vollst\u00e4ndigkeit oder die inhaltliche Richtigkeit \u00fcbernehmen wir jedoch keine Gew\u00e4hr.<\/p>\n<p>2. Unser Angebot enth\u00e4lt Links zu externen Webseiten Dritter, auf deren Inhalte wir keinen Einfluss haben. Deshalb \u00fcbernehmen wir f\u00fcr diese fremden Inhalte auch keine Haftung und\/oder Gew\u00e4hr. F\u00fcr die Inhalte der verlinkten Seiten ist der jeweilige Anbieter oder Betreiber dieser Seiten verantwortlich. Die verlinkten Seiten wurden zum Zeitpunkt der Verlinkung im Rahmen des Zumutbaren auf m\u00f6gliche Rechtsverst\u00f6\u00dfe \u00fcberpr\u00fcft. Rechtswidrige Inhalte waren zu diesem Zeitpunkt nicht erkennbar. Eine dauerhafte inhaltliche Kontrolle der verlinkten Seiten ist jedoch ohne konkrete Anhaltspunkte einer Rechtsverletzung nicht zumutbar. Sollten Rechtsverletzungen bekannt werden, entfernen wir unverz\u00fcglich derartige Links.<\/p>\n<p>3. Der Nutzung der Daten, die im Rahmen der Impressumspflicht ver\u00f6ffentlicht werden (z. B. Kontaktdaten) wird hiermit ausdr\u00fccklich widersprochen, insbesondere f\u00fcr den Fall der \u00dcbersendung von nicht ausdr\u00fccklich angeforderter Werbung und Informationsmaterialien durch Dritte. Die Betreiber der Seiten behalten sich ausdr\u00fccklich rechtliche Schritte im Fall der unverlangten Zusendung von Werbeinformationen, etwa durch Spam-Mails oder \u00e4hnliches, vor.<\/p>\n<p>4. Die auf dieser Website bzw. den Seiten erstellte Inhalte und Werke unterliegen dem Urheber- und\/oder Markenrecht. Es ist untersagt, die Website, einzelne Seite oder einzelne Inhalte davon zu vervielf\u00e4ltigen und zu verbreiten. Etwaige Beitr\u00e4ge Dritter sind als solche gekennzeichnet. Die Vervielf\u00e4ltigung, Bearbeitung, Verbreitung und jede Art der Verwertung au\u00dferhalb der Grenzen des Urheberrechtes bed\u00fcrfen der schriftlichen Zustimmung des jeweiligen Autors bzw. Erstellers. Downloads und Kopien dieser Seite sind nur f\u00fcr den privaten, nicht aber den kommerziellen Gebrauch gestattet.<\/p>\n<p>5. Es ist jederzeit gestattet, einen oder mehrere Links auf diese Website zu setzen. Der Betreiber der Website beh\u00e4lt sich jedoch das Recht vor, diese Erlaubnis ausdr\u00fccklich zu widerrufen.<\/p>\n<p>6. Sofern zwischen dem Betreiber der Website und dem Nutzer ein Vertragsverh\u00e4ltnis zustande kommt, findet auf das Vertragsverh\u00e4ltnis (soweit rechtlich zul\u00e4ssig) das Recht der Bundesrepublik Deutschland Anwendung. Gerichtsstand f\u00fcr alle Streitigkeiten ist (soweit rechtlich zul\u00e4ssig) der Sitz des Betreibers.<\/p>\n<p>Quelle: <a title=\"www.sqr-law.de\" href=\"http:\/\/www.sqr-law.de\/\" target=\"_blank\" rel=\"noopener noreferrer\">SQR Rechtsanw\u00e4lte LLP<\/a><\/p>\n<p>Beschwerdeverfahren via Online-Streitbeilegung (OS) zwischen Unternehmern und Verbrauchern: <a href=\"http:\/\/l.facebook.com\/l.php?u=http%3A%2F%2Fec.europa.eu%2Fconsumers%2Fodr%2F&amp;h=jAQEybKmFAQG3XcxsHlM_UzpiKSjf2qTARzidthLA8CNIKg&amp;enc=AZOo7JbglifcLt8wySX3tsx-n4hjKEnTZ41wjbk8IX6FUIBwyhgGD-QVSbBUU7rLxhKPzfROcueFL5CKfi2nFjlVnsIzk2yEmEQv2StYisaC_lW0l8xyCicf6fUTv6Lm8LXySfivFRxQMz5zWbCcyDZMilahvrfGuxV7Mc6bvage6A&amp;s=1\" target=\"_blank\" rel=\"nofollow noopener noreferrer\">http:\/\/ec.europa.eu\/consumers\/odr\/<\/a><\/p>\n","protected":false},"excerpt":{"rendered":"<p>Impressum Angaben gem\u00e4\u00df \u00a7 5 TMG: Katja Z\u00f6llner Am See 1 24363 Holtsee Kontakt: Telefon: 04357 &#8211; 764 91 67 E-Mail: katja.zoellner(at)katajanmarja.de Umsatzsteuer-ID: DE268256460 Haftungsausschluss \/ Disclaimer Mit dem Aufrufen und Nutzen dieser Website gelten die nachfolgenden Nutzungsbedingungen: 1. Die Inhalte unserer Seiten wurden sorgf\u00e4ltig erstellt. F\u00fcr die Aktualit\u00e4t, Vollst\u00e4ndigkeit oder die inhaltliche Richtigkeit \u00fcbernehmen [&hellip;]<\/p>\n","protected":false},"author":1,"featured_media":0,"parent":0,"menu_order":4,"comment_status":"closed","ping_status":"closed","template":"","meta":{"footnotes":""},"class_list":["post-8","page","type-page","status-publish","hentry"],"_links":{"self":[{"href":"https:\/\/www.katajanmarja.de\/index.php?rest_route=\/wp\/v2\/pages\/8","targetHints":{"allow":["GET"]}}],"collection":[{"href":"https:\/\/www.katajanmarja.de\/index.php?rest_route=\/wp\/v2\/pages"}],"about":[{"href":"https:\/\/www.katajanmarja.de\/index.php?rest_route=\/wp\/v2\/types\/page"}],"author":[{"embeddable":true,"href":"https:\/\/www.katajanmarja.de\/index.php?rest_route=\/wp\/v2\/users\/1"}],"replies":[{"embeddable":true,"href":"https:\/\/www.katajanmarja.de\/index.php?rest_route=%2Fwp%2Fv2%2Fcomments&post=8"}],"version-history":[{"count":13,"href":"https:\/\/www.katajanmarja.de\/index.php?rest_route=\/wp\/v2\/pages\/8\/revisions"}],"predecessor-version":[{"id":222,"href":"https:\/\/www.katajanmarja.de\/index.php?rest_route=\/wp\/v2\/pages\/8\/revisions\/222"}],"wp:attachment":[{"href":"https:\/\/www.katajanmarja.de\/index.php?rest_route=%2Fwp%2Fv2%2Fmedia&parent=8"}],"curies":[{"name":"wp","href":"https:\/\/api.w.org\/{rel}","templated":true}]}}